{"id":52,"date":"2020-04-04T06:57:33","date_gmt":"2020-04-04T06:57:33","guid":{"rendered":"http:\/\/www.lapek.pl\/?page_id=52"},"modified":"2021-02-06T10:58:37","modified_gmt":"2021-02-06T10:58:37","slug":"hestia-front","status":"publish","type":"page","link":"https:\/\/www.lapek.pl\/","title":{"rendered":"Front Page"},"content":{"rendered":"\n<p class=\"has-text-align-center\"><span style=\"color:#ef0f08\" class=\"has-inline-color\"><strong><strong><em><br><\/em><\/strong><\/strong><\/span><\/p>\n\n\n\n<p class=\"has-text-align-center\"><\/p>\n\n\n\n<p class=\"has-text-align-center\"><span class=\"has-inline-color has-header-gradient-color\"><br>        <strong> Przez ca\u0142y rok warto obdarowywa\u0107 bliskich prezentami. <br>O to kilka propozycji.<\/strong><\/span><\/p>\n\n\n\n<p class=\"has-text-align-center\"><img loading=\"lazy\" decoding=\"async\" width=\"230\" height=\"277\" class=\"wp-image-4549\" style=\"width: 230px;\" src=\"https:\/\/www.lapek.pl\/wp-content\/uploads\/2020\/12\/t-shirt-3.jpg\" alt=\"nadruk na ubraniach\" srcset=\"https:\/\/www.lapek.pl\/wp-content\/uploads\/2020\/12\/t-shirt-3.jpg 471w, https:\/\/www.lapek.pl\/wp-content\/uploads\/2020\/12\/t-shirt-3-249x300.jpg 249w\" sizes=\"auto, (max-width: 230px) 100vw, 230px\" \/>                        <img loading=\"lazy\" decoding=\"async\" width=\"150\" height=\"284\" class=\"wp-image-4547\" style=\"width: 150px;\" src=\"https:\/\/www.lapek.pl\/wp-content\/uploads\/2020\/12\/t-shirt-1.jpg\" alt=\"\" srcset=\"https:\/\/www.lapek.pl\/wp-content\/uploads\/2020\/12\/t-shirt-1.jpg 299w, https:\/\/www.lapek.pl\/wp-content\/uploads\/2020\/12\/t-shirt-1-158x300.jpg 158w\" sizes=\"auto, (max-width: 150px) 100vw, 150px\" \/><\/p>\n\n\n\n<p class=\"has-text-align-center\">Personalizowana podkoszulka to bardzo ciekawy pomys\u0142,<br>na prezent, u nas ju\u017c od 1 sztuki<br><br><br><img loading=\"lazy\" decoding=\"async\" width=\"250\" height=\"167\" class=\"wp-image-4537\" style=\"width: 250px;\" src=\"https:\/\/www.lapek.pl\/wp-content\/uploads\/2020\/11\/wypalanie.jpg\" alt=\"grawerowanie\" srcset=\"https:\/\/www.lapek.pl\/wp-content\/uploads\/2020\/11\/wypalanie.jpg 567w, https:\/\/www.lapek.pl\/wp-content\/uploads\/2020\/11\/wypalanie-300x201.jpg 300w, https:\/\/www.lapek.pl\/wp-content\/uploads\/2020\/11\/wypalanie-360x240.jpg 360w\" sizes=\"auto, (max-width: 250px) 100vw, 250px\" \/>  <img loading=\"lazy\" decoding=\"async\" width=\"210\" height=\"168\" class=\"wp-image-4605\" style=\"width: 210px;\" src=\"https:\/\/www.lapek.pl\/wp-content\/uploads\/2021\/02\/samolot.jpg\" alt=\"\" srcset=\"https:\/\/www.lapek.pl\/wp-content\/uploads\/2021\/02\/samolot.jpg 567w, https:\/\/www.lapek.pl\/wp-content\/uploads\/2021\/02\/samolot-300x240.jpg 300w\" sizes=\"auto, (max-width: 210px) 100vw, 210px\" \/> <img loading=\"lazy\" decoding=\"async\" width=\"200\" height=\"193\" class=\"wp-image-4604\" style=\"width: 200px;\" src=\"https:\/\/www.lapek.pl\/wp-content\/uploads\/2021\/02\/IMG_1436.jpg\" alt=\"\" srcset=\"https:\/\/www.lapek.pl\/wp-content\/uploads\/2021\/02\/IMG_1436.jpg 567w, https:\/\/www.lapek.pl\/wp-content\/uploads\/2021\/02\/IMG_1436-300x289.jpg 300w\" sizes=\"auto, (max-width: 200px) 100vw, 200px\" \/>       <img loading=\"lazy\" decoding=\"async\" width=\"240\" height=\"192\" class=\"wp-image-4606\" style=\"width: 240px;\" src=\"https:\/\/www.lapek.pl\/wp-content\/uploads\/2021\/02\/Zajac.jpg\" alt=\"\" srcset=\"https:\/\/www.lapek.pl\/wp-content\/uploads\/2021\/02\/Zajac.jpg 567w, https:\/\/www.lapek.pl\/wp-content\/uploads\/2021\/02\/Zajac-300x240.jpg 300w\" sizes=\"auto, (max-width: 240px) 100vw, 240px\" \/><br>Mo\u017cemy przenie\u015b\u0107 Wasze ulubione zdj\u0119cia na drewno, laminat, <br>wyci\u0105\u0107 ciekawy obiekt <br>(format od A5 do 40&#215;30 cm)<\/p>\n\n\n\n<p class=\"has-text-align-center\">Kalendarze z Pa\u0144stwa zdj\u0119ciami ju\u017c od 1 sztuki.<\/p>\n\n\n\n<p class=\"has-text-align-center\"><img loading=\"lazy\" decoding=\"async\" width=\"200\" height=\"163\" class=\"wp-image-4546\" style=\"width: 200px;\" src=\"https:\/\/www.lapek.pl\/wp-content\/uploads\/2020\/12\/klaendarz-piramidka.jpg\" alt=\"\" srcset=\"https:\/\/www.lapek.pl\/wp-content\/uploads\/2020\/12\/klaendarz-piramidka.jpg 567w, https:\/\/www.lapek.pl\/wp-content\/uploads\/2020\/12\/klaendarz-piramidka-300x244.jpg 300w\" sizes=\"auto, (max-width: 200px) 100vw, 200px\" \/><br>Zaczynaj\u0105ce si\u0119 od dowolnego miesi\u0105ca. <br>Piramidka, A4, A3<\/p>\n\n\n\n<p><\/p>\n","protected":false},"excerpt":{"rendered":"<p>Przez ca\u0142y rok warto obdarowywa\u0107 bliskich prezentami. O to kilka propozycji. Personalizowana podkoszulka to bardzo ciekawy pomys\u0142,na prezent, u nas ju\u017c od 1 sztuki Mo\u017cemy przenie\u015b\u0107 Wasze ulubione zdj\u0119cia na drewno, laminat, wyci\u0105\u0107 ciekawy obiekt (format od A5 do 40&#215;30 cm) Kalendarze z Pa\u0144stwa zdj\u0119ciami ju\u017c od 1 sztuki. Zaczynaj\u0105ce [&hellip;]<\/p>\n","protected":false},"author":1,"featured_media":4570,"parent":0,"menu_order":1,"comment_status":"closed","ping_status":"closed","template":"","meta":{"footnotes":""},"class_list":["post-52","page","type-page","status-publish","has-post-thumbnail","hentry"],"jetpack_sharing_enabled":true,"_links":{"self":[{"href":"https:\/\/www.lapek.pl\/index.php?rest_route=\/wp\/v2\/pages\/52","targetHints":{"allow":["GET"]}}],"collection":[{"href":"https:\/\/www.lapek.pl\/index.php?rest_route=\/wp\/v2\/pages"}],"about":[{"href":"https:\/\/www.lapek.pl\/index.php?rest_route=\/wp\/v2\/types\/page"}],"author":[{"embeddable":true,"href":"https:\/\/www.lapek.pl\/index.php?rest_route=\/wp\/v2\/users\/1"}],"replies":[{"embeddable":true,"href":"https:\/\/www.lapek.pl\/index.php?rest_route=%2Fwp%2Fv2%2Fcomments&post=52"}],"version-history":[{"count":7,"href":"https:\/\/www.lapek.pl\/index.php?rest_route=\/wp\/v2\/pages\/52\/revisions"}],"predecessor-version":[{"id":4607,"href":"https:\/\/www.lapek.pl\/index.php?rest_route=\/wp\/v2\/pages\/52\/revisions\/4607"}],"wp:featuredmedia":[{"embeddable":true,"href":"https:\/\/www.lapek.pl\/index.php?rest_route=\/wp\/v2\/media\/4570"}],"wp:attachment":[{"href":"https:\/\/www.lapek.pl\/index.php?rest_route=%2Fwp%2Fv2%2Fmedia&parent=52"}],"curies":[{"name":"wp","href":"https:\/\/api.w.org\/{rel}","templated":true}]}}